{"id":55,"date":"2024-11-21T17:47:05","date_gmt":"2024-11-21T16:47:05","guid":{"rendered":"https:\/\/vixxx.shop\/?page_id=55"},"modified":"2024-11-21T18:57:25","modified_gmt":"2024-11-21T17:57:25","slug":"impressum","status":"publish","type":"page","link":"https:\/\/vixxx.shop\/en\/impressum\/","title":{"rendered":"Imprint"},"content":{"rendered":"<h1 class=\"adsimple-122908043 fusion-responsive-typography-calculated\" data-fontsize=\"32\" data-lineheight=\"38.4px\">Imprint<\/h1>\n<p class=\"adsimple-122908043\">Informationen \u00fcber den Diensteanbieter.<\/p>\n<p><strong>H&amp;J Master GmbH<\/strong><\/p>\n<p class=\"adsimple-122908043\">Richard-Strele-Stra\u00dfe 14,<br \/>\n5020 Salzburg,<br \/>\n\u00d6sterreich<\/p>\n<p><strong>Tel.:<\/strong>\u00a00043 699 123 123 45<br \/>\n<strong>E-Mail:<\/strong>\u00a0<a href=\"mailto:office@vixxx.shop\">office@vixxx.shop<\/a><\/p>\n<p><strong>Firmenbuchnummer:<\/strong>\u00a0FN 640240f<br \/>\n<strong>Firmenbuchgericht:<\/strong>\u00a0Magistrat Salzburg<br \/>\n<strong>Firmensitz:<\/strong>\u00a0Richard-Strele-Stra\u00dfe 14, 5020 Salzburg, \u00d6sterreich<\/p>\n<p><strong>Aufsichtsbeh\u00f6rde:<\/strong><br \/>\nMagistrat Salzburg<\/p>\n<p><strong>Verleihungsstaat:<\/strong>\u00a0\u00d6sterreich<\/p>\n<p><strong>Datenschutz Verantwortlicher<\/strong><br \/>\nH&amp;J Master GmbH<br \/>\nRichard-Strele-Stra\u00dfe 14<br \/>\n5020 Salzburg<br \/>\n<strong>E-Mail:<\/strong>\u00a0<a href=\"mailto:office@vixxx.shop\">office@vixxx.shop<\/a><br \/>\n<strong>Vertretungsberechtigter:<\/strong>\u00a0Michael Wirnsperger<\/p>\n<h2 id=\"eu-streitschlichtung\" class=\"adsimple-122908043 fusion-responsive-typography-calculated\" data-fontsize=\"24\" data-lineheight=\"36px\">EU-Streitschlichtung<\/h2>\n<p class=\"adsimple-122908043\">Gem\u00e4\u00df Verordnung \u00fcber Online-Streitbeilegung in Verbraucherangelegenheiten (ODR-Verordnung) m\u00f6chten wir Sie \u00fcber die Online-Streitbeilegungsplattform (OS-Plattform) informieren.<br \/>\nVerbraucher haben die M\u00f6glichkeit, Beschwerden an die Online Streitbeilegungsplattform der Europ\u00e4ischen Kommission unter\u00a0<a class=\"adsimple-122908043\" href=\"https:\/\/ec.europa.eu\/consumers\/odr\/main\/index.cfm?event=main.home2.show&amp;lng=DE\" target=\"_blank\" rel=\"follow noopener\">https:\/\/ec.europa.eu\/consumers\/odr\/main\/index.cfm?event=main.home2.show&amp;lng=DE<\/a>\u00a0zu richten. Die daf\u00fcr notwendigen Kontaktdaten finden Sie oberhalb in unserem Impressum.<\/p>\n<p class=\"adsimple-122908043\">Wir m\u00f6chten Sie jedoch darauf hinweisen, dass wir nicht bereit oder verpflichtet sind, an Streitbeilegungsverfahren vor einer Verbraucherschlichtungsstelle teilzunehmen.<\/p>\n<h2 id=\"bildernachweis\" class=\"adsimple-122908043 fusion-responsive-typography-calculated\" data-fontsize=\"24\" data-lineheight=\"36px\">Bildernachweis<\/h2>\n<p class=\"adsimple-122908043\">Die Bilder, Fotos und Grafiken auf dieser Webseite sind urheberrechtlich gesch\u00fctzt.<\/p>\n<p><strong>Die Bilderrechte liegen bei:<\/strong><br \/>\nReinhard Georg-Tripp, Tripp Agency GmbH<br \/>\nPexels.com &#8211;\u00a0<a href=\"https:\/\/www.pexels.com\/de-de\/\" target=\"_blank\" rel=\"noopener\">https:\/\/www.pexels.com\/de-de\/<\/a><\/p>\n<p><strong>Zus\u00e4tzliche Garantien<\/strong><br \/>\nSie haben das Recht, binnen vierzehn Tagen ohne Angabe von Gr\u00fcnden diesen Vertrag zu widerrufen.<br \/>\nDie Widerrufsfrist betr\u00e4gt vierzehn Tage ab dem Tag, an dem Sie oder ein von Ihnen benannter Dritter, der nicht der Bef\u00f6rderer ist, die letzte Ware in Besitz genommen haben bzw. hat.<br \/>\nUm Ihr Widerrufsrecht auszu\u00fcben, m\u00fcssen Sie uns<br \/>\nH&amp;J Master GmbH<br \/>\nRichard-Strele-Stra\u00dfe 14<br \/>\n5020 Salzburg<br \/>\nTel: 0699\/123 123 47<br \/>\nE-Mail: office@vixxx.shop<\/p>\n<p>mittels einer eindeutigen Erkl\u00e4rung (z.B. ein mit der Post versandter Brief oder E-Mail) \u00fcber Ihren Entschluss, diesen Vertrag zu widerrufen, informieren. Sie k\u00f6nnen daf\u00fcr das beigef\u00fcgte Muster- Widerrufsformular verwenden, das jedoch nicht vorgeschrieben ist.<br \/>\nZur Wahrung der Widerrufsfrist reicht es aus, dass Sie die Mitteilung \u00fcber die Aus\u00fcbung des Widerrufsrechts vor Ablauf der Widerrufsfrist absenden.<br \/>\nYou are<\/p>\n<p>Alle Texte sind urheberrechtlich gesch\u00fctzt.<br \/>\n[gzd_complaints]","protected":false},"excerpt":{"rendered":"<p>Impressum Informationen \u00fcber den Diensteanbieter. H&amp;J Master GmbH Richard-Strele-Stra\u00dfe 14, 5020 Salzburg, \u00d6sterreich Tel.:\u00a00043 699 123 123 45 E-Mail:\u00a0office@vixxx.shop Firmenbuchnummer:\u00a0FN 640240f Firmenbuchgericht:\u00a0Magistrat Salzburg Firmensitz:\u00a0Richard-Strele-Stra\u00dfe 14, 5020 Salzburg, \u00d6sterreich Aufsichtsbeh\u00f6rde: Magistrat&#8230;<\/p>","protected":false},"author":1,"featured_media":0,"parent":0,"menu_order":0,"comment_status":"closed","ping_status":"closed","template":"","meta":{"footnotes":""},"class_list":["post-55","page","type-page","status-publish"],"yoast_head":"<!-- This site is optimized with the Yoast SEO plugin v24.9 - https:\/\/yoast.com\/wordpress\/plugins\/seo\/ -->\n<title>Impressum - Vixxx - Abflusssieb<\/title>\n<meta name=\"robots\" content=\"index, follow, max-snippet:-1, max-image-preview:large, max-video-preview:-1\" \/>\n<link rel=\"canonical\" href=\"https:\/\/vixxx.shop\/en\/impressum\/\" \/>\n<meta property=\"og:locale\" content=\"en_US\" \/>\n<meta property=\"og:type\" content=\"article\" \/>\n<meta property=\"og:title\" content=\"Impressum - Vixxx - Abflusssieb\" \/>\n<meta property=\"og:description\" content=\"Impressum Informationen \u00fcber den Diensteanbieter. H&amp;J Master GmbH Richard-Strele-Stra\u00dfe 14, 5020 Salzburg, \u00d6sterreich Tel.:\u00a00043 699 123 123 45 E-Mail:\u00a0office@vixxx.shop Firmenbuchnummer:\u00a0FN 640240f Firmenbuchgericht:\u00a0Magistrat Salzburg Firmensitz:\u00a0Richard-Strele-Stra\u00dfe 14, 5020 Salzburg, \u00d6sterreich Aufsichtsbeh\u00f6rde: Magistrat...\" \/>\n<meta property=\"og:url\" content=\"https:\/\/vixxx.shop\/en\/impressum\/\" \/>\n<meta property=\"og:site_name\" content=\"Vixxx - Abflusssieb\" \/>\n<meta property=\"article:modified_time\" content=\"2024-11-21T17:57:25+00:00\" \/>\n<meta name=\"twitter:card\" content=\"summary_large_image\" \/>\n<meta name=\"twitter:label1\" content=\"Est. reading time\" \/>\n\t<meta name=\"twitter:data1\" content=\"2 minutes\" \/>\n<script type=\"application\/ld+json\" class=\"yoast-schema-graph\">{\"@context\":\"https:\/\/schema.org\",\"@graph\":[{\"@type\":\"WebPage\",\"@id\":\"https:\/\/vixxx.shop\/impressum\/\",\"url\":\"https:\/\/vixxx.shop\/impressum\/\",\"name\":\"Impressum - Vixxx - Abflusssieb\",\"isPartOf\":{\"@id\":\"https:\/\/vixxx.shop\/#website\"},\"datePublished\":\"2024-11-21T16:47:05+00:00\",\"dateModified\":\"2024-11-21T17:57:25+00:00\",\"breadcrumb\":{\"@id\":\"https:\/\/vixxx.shop\/impressum\/#breadcrumb\"},\"inLanguage\":\"en-US\",\"potentialAction\":[{\"@type\":\"ReadAction\",\"target\":[\"https:\/\/vixxx.shop\/impressum\/\"]}]},{\"@type\":\"BreadcrumbList\",\"@id\":\"https:\/\/vixxx.shop\/impressum\/#breadcrumb\",\"itemListElement\":[{\"@type\":\"ListItem\",\"position\":1,\"name\":\"Startseite\",\"item\":\"https:\/\/vixxx.shop\/\"},{\"@type\":\"ListItem\",\"position\":2,\"name\":\"Impressum\"}]},{\"@type\":\"WebSite\",\"@id\":\"https:\/\/vixxx.shop\/#website\",\"url\":\"https:\/\/vixxx.shop\/\",\"name\":\"Vixxx - Abflusssieb\",\"description\":\"Das Abflusssieb\",\"potentialAction\":[{\"@type\":\"SearchAction\",\"target\":{\"@type\":\"EntryPoint\",\"urlTemplate\":\"https:\/\/vixxx.shop\/?s={search_term_string}\"},\"query-input\":{\"@type\":\"PropertyValueSpecification\",\"valueRequired\":true,\"valueName\":\"search_term_string\"}}],\"inLanguage\":\"en-US\"}]}<\/script>\n<!-- \/ Yoast SEO plugin. -->","yoast_head_json":{"title":"Impressum - Vixxx - Abflusssieb","robots":{"index":"index","follow":"follow","max-snippet":"max-snippet:-1","max-image-preview":"max-image-preview:large","max-video-preview":"max-video-preview:-1"},"canonical":"https:\/\/vixxx.shop\/en\/impressum\/","og_locale":"en_US","og_type":"article","og_title":"Impressum - Vixxx - Abflusssieb","og_description":"Impressum Informationen \u00fcber den Diensteanbieter. H&amp;J Master GmbH Richard-Strele-Stra\u00dfe 14, 5020 Salzburg, \u00d6sterreich Tel.:\u00a00043 699 123 123 45 E-Mail:\u00a0office@vixxx.shop Firmenbuchnummer:\u00a0FN 640240f Firmenbuchgericht:\u00a0Magistrat Salzburg Firmensitz:\u00a0Richard-Strele-Stra\u00dfe 14, 5020 Salzburg, \u00d6sterreich Aufsichtsbeh\u00f6rde: Magistrat...","og_url":"https:\/\/vixxx.shop\/en\/impressum\/","og_site_name":"Vixxx - Abflusssieb","article_modified_time":"2024-11-21T17:57:25+00:00","twitter_card":"summary_large_image","twitter_misc":{"Est. reading time":"2 minutes"},"schema":{"@context":"https:\/\/schema.org","@graph":[{"@type":"WebPage","@id":"https:\/\/vixxx.shop\/impressum\/","url":"https:\/\/vixxx.shop\/impressum\/","name":"Impressum - Vixxx - Abflusssieb","isPartOf":{"@id":"https:\/\/vixxx.shop\/#website"},"datePublished":"2024-11-21T16:47:05+00:00","dateModified":"2024-11-21T17:57:25+00:00","breadcrumb":{"@id":"https:\/\/vixxx.shop\/impressum\/#breadcrumb"},"inLanguage":"en-US","potentialAction":[{"@type":"ReadAction","target":["https:\/\/vixxx.shop\/impressum\/"]}]},{"@type":"BreadcrumbList","@id":"https:\/\/vixxx.shop\/impressum\/#breadcrumb","itemListElement":[{"@type":"ListItem","position":1,"name":"Startseite","item":"https:\/\/vixxx.shop\/"},{"@type":"ListItem","position":2,"name":"Impressum"}]},{"@type":"WebSite","@id":"https:\/\/vixxx.shop\/#website","url":"https:\/\/vixxx.shop\/","name":"Vixxx - Abflusssieb","description":"Das Abflusssieb","potentialAction":[{"@type":"SearchAction","target":{"@type":"EntryPoint","urlTemplate":"https:\/\/vixxx.shop\/?s={search_term_string}"},"query-input":{"@type":"PropertyValueSpecification","valueRequired":true,"valueName":"search_term_string"}}],"inLanguage":"en-US"}]}},"jetpack_sharing_enabled":true,"_links":{"self":[{"href":"https:\/\/vixxx.shop\/en\/wp-json\/wp\/v2\/pages\/55","targetHints":{"allow":["GET"]}}],"collection":[{"href":"https:\/\/vixxx.shop\/en\/wp-json\/wp\/v2\/pages"}],"about":[{"href":"https:\/\/vixxx.shop\/en\/wp-json\/wp\/v2\/types\/page"}],"author":[{"embeddable":true,"href":"https:\/\/vixxx.shop\/en\/wp-json\/wp\/v2\/users\/1"}],"replies":[{"embeddable":true,"href":"https:\/\/vixxx.shop\/en\/wp-json\/wp\/v2\/comments?post=55"}],"version-history":[{"count":2,"href":"https:\/\/vixxx.shop\/en\/wp-json\/wp\/v2\/pages\/55\/revisions"}],"predecessor-version":[{"id":108,"href":"https:\/\/vixxx.shop\/en\/wp-json\/wp\/v2\/pages\/55\/revisions\/108"}],"wp:attachment":[{"href":"https:\/\/vixxx.shop\/en\/wp-json\/wp\/v2\/media?parent=55"}],"curies":[{"name":"wp","href":"https:\/\/api.w.org\/{rel}","templated":true}]}}